{"id":82,"date":"2024-08-31T22:44:54","date_gmt":"2024-08-31T22:44:54","guid":{"rendered":"http:\/\/instytutsp.org\/?page_id=82"},"modified":"2024-09-01T11:43:14","modified_gmt":"2024-09-01T11:43:14","slug":"monitoring-centrow-miast","status":"publish","type":"page","link":"https:\/\/instytutsp.org\/index.php\/monitoring-centrow-miast\/","title":{"rendered":"Monitoring Centr\u00f3w Miast"},"content":{"rendered":"\n<p>Wydzia\u0142 IV Ochrony Dobra Publicznego Instytutu Studi\u00f3w Praktycznych prowadzi program &#8222;Monitoring Centr\u00f3w Miast&#8221;, kt\u00f3ry ma na celu nadz\u00f3r nad przestrzeganiem przepis\u00f3w dotycz\u0105cych sprzeda\u017cy alkoholu w centrach miast. Program obejmuje nadz\u00f3r spo\u0142eczny nad miastami Bochnia (woj. ma\u0142opolskie), Piotrk\u00f3w Trybunalski (woj. \u0142\u00f3dzkie) oraz Wrze\u015bnia (woj. wielkopolskie), koncentruj\u0105c si\u0119 na post\u0119powaniach zwi\u0105zanych z przyznawaniem i cofaniem zezwole\u0144 na sprzeda\u017c alkoholu przeznaczonego do spo\u017cycia na miejscu. Naszym celem jest zapewnienie, \u017ce sprzeda\u017c alkoholu w centrach miast nie wp\u0142ynie negatywnie na ich rozw\u00f3j ani nie przyczyni si\u0119 do wyludniania tych obszar\u00f3w.<\/p>\n\n\n\n<p>Instytut anga\u017cuje si\u0119 w spo\u0142eczn\u0105 kontrol\u0119 nad sprzeda\u017c\u0105 alkoholu, kt\u00f3ra jest kluczowa dla ochrony miejskiej tkanki spo\u0142ecznej. Obserwujemy wzrost sprzeda\u017cy alkoholu w miejscach, kt\u00f3re wcze\u015bniej nie by\u0142y postrzegane jako punkty sprzeda\u017cy tego typu, co rodzi pytania o skuteczno\u015b\u0107 administracyjnych ogranicze\u0144 i zaanga\u017cowanie gmin w aktywne kszta\u0142towanie warunk\u00f3w sprzeda\u017cy alkoholu na ich terenie. Nasze dzia\u0142ania maj\u0105 na celu przeciwdzia\u0142anie niew\u0142a\u015bciwym praktykom oraz zapewnienie, \u017ce sprzeda\u017c alkoholu nie b\u0119dzie nadmiernie rozwija\u0107 si\u0119 w nieodpowiednich lokalizacjach, co mog\u0142oby zaszkodzi\u0107 lokalnej spo\u0142eczno\u015bci.<\/p>\n\n\n\n<h2 class=\"wp-block-heading\">Sk\u0105d pomys\u0142&nbsp;na program?<\/h2>\n\n\n\n<p>Program &#8222;Monitoring Centr\u00f3w Miast&#8221; zosta\u0142 zainspirowany mi\u0119dzy innymi decyzj\u0105 s\u0105du w Piotrkowie Trybunalskim, kt\u00f3ry odrzuci\u0142 pozew osoby skar\u017c\u0105cej si\u0119 na uci\u0105\u017cliwy ha\u0142as dochodz\u0105cy z lokalnego baru. S\u0105d uzasadni\u0142 swoj\u0105 decyzj\u0119 stwierdzeniem, \u017ce ha\u0142as w centrum miasta jest czym\u015b naturalnym i nieuniknionym. Nie wnikamy w same powody takiego rozstrzygni\u0119cia, ale nie podzielamy pogl\u0105du, kt\u00f3ry znalaz\u0142 si\u0119&nbsp;w jego uzasadnieniu. Uwa\u017camy, \u017ce nikt nie powinien by\u0107 zmuszony do znoszenia warunk\u00f3w, kt\u00f3re negatywnie wp\u0142ywaj\u0105 na jego zdrowie i jako\u015b\u0107 \u017cycia.<\/p>\n\n\n\n<p>Trudno sobie wyobrazi\u0107, \u017ce ten sam S\u0105d podtrzyma\u0142by swoje stanowisko, gdyby s\u0119dzia mia\u0142a np. podda\u0107 si\u0119 operacji przeprowadzonej przez lekarza, kt\u00f3ry mieszka w okolicy i ha\u0142as uniemo\u017cliwia mu odpowiedni wypoczynek. Przy czym nie musi by\u0107&nbsp;to przyk\u0142ad tak ostry &#8211; bo tak samo nikt nie chcia\u0142by kupi\u0107&nbsp;niepoprawnie wystawionego ubezpieczenia, otrzyma\u0107&nbsp;z\u0142y lek w aptece, mie\u0107&nbsp;\u017ale zainstalowany piecyk gazowy w \u0142azience czy uczestniczy\u0107&nbsp;w wypadku samochodowym spowodowanym przez niewyspanego mieszka\u0144ca centrum. <\/p>\n\n\n\n<p>Wydaje si\u0119, \u017ce s\u0105d zapomnia\u0142, \u017ce mieszka\u0144cy centrum miast to nie abstrakcyjny konstrukt. S\u0105 oni cz\u0119\u015b\u0107&nbsp;spo\u0142ecze\u0144stwa, kt\u00f3ra spe\u0142nia w nim jak\u0105\u015b&nbsp;rol\u0119. Stres i niewsypanie wykonywanie tej roli zaburza. Niedopuszczalne wydaje nam si\u0119&nbsp;podej\u015bcie organ\u00f3w publicznych, kt\u00f3re sprowadza si\u0119 do porady &#8222;jak si\u0119&nbsp;nie podoba, to si\u0119&nbsp;wyprowad\u017a&#8221;. Nie rozumiemy dlaczego sprzeda\u017c&nbsp;alkoholu mia\u0142aby si\u0119&nbsp;odbywa\u0107&nbsp;kosztem kogo\u015b&nbsp;tylko dlatego, \u017ce mieszka w konkretnym miejscu. Szczeg\u00f3lnie, \u017ce w sprzeda\u017cy alkoholu jako takiej trudno zauwa\u017cy\u0107&nbsp;warto\u015b\u0107, kt\u00f3r\u0105 nale\u017ca\u0142oby chroni\u0107 kosztem zdrowia i \u017cycia kogokolwiek. Ju\u017c sama sprzeda\u017c alkoholu wp\u0142ywa negatywnie na perspektywy zdrowotne spo\u0142ecze\u0144stwa. Dlatego nasz program d\u0105\u017cy do tego, aby zapewni\u0107 odpowiedni\u0105 r\u00f3wnowag\u0119 mi\u0119dzy \u017cyciem miejskim a komfortem jego mieszka\u0144c\u00f3w poprzez kontrol\u0119&nbsp;dzia\u0142a\u0144 organ\u00f3w publicznych.<\/p>\n\n\n\n<p><\/p>\n","protected":false},"excerpt":{"rendered":"<p>Wydzia\u0142 IV Ochrony Dobra Publicznego Instytutu Studi\u00f3w Praktycznych prowadzi program &#8222;Monitoring Centr\u00f3w Miast&#8221;, kt\u00f3ry ma na celu nadz\u00f3r nad przestrzeganiem przepis\u00f3w dotycz\u0105cych sprzeda\u017cy alkoholu w centrach miast. Program obejmuje nadz\u00f3r spo\u0142eczny nad miastami Bochnia (woj. ma\u0142opolskie), Piotrk\u00f3w Trybunalski (woj. \u0142\u00f3dzkie) oraz Wrze\u015bnia (woj. wielkopolskie), koncentruj\u0105c si\u0119 na post\u0119powaniach zwi\u0105zanych z przyznawaniem i cofaniem zezwole\u0144 na&#8230;<\/p>\n","protected":false},"author":2,"featured_media":131,"parent":0,"menu_order":0,"comment_status":"closed","ping_status":"closed","template":"","meta":{"footnotes":""},"class_list":["post-82","page","type-page","status-publish","has-post-thumbnail","hentry"],"_links":{"self":[{"href":"https:\/\/instytutsp.org\/index.php\/wp-json\/wp\/v2\/pages\/82","targetHints":{"allow":["GET"]}}],"collection":[{"href":"https:\/\/instytutsp.org\/index.php\/wp-json\/wp\/v2\/pages"}],"about":[{"href":"https:\/\/instytutsp.org\/index.php\/wp-json\/wp\/v2\/types\/page"}],"author":[{"embeddable":true,"href":"https:\/\/instytutsp.org\/index.php\/wp-json\/wp\/v2\/users\/2"}],"replies":[{"embeddable":true,"href":"https:\/\/instytutsp.org\/index.php\/wp-json\/wp\/v2\/comments?post=82"}],"version-history":[{"count":12,"href":"https:\/\/instytutsp.org\/index.php\/wp-json\/wp\/v2\/pages\/82\/revisions"}],"predecessor-version":[{"id":130,"href":"https:\/\/instytutsp.org\/index.php\/wp-json\/wp\/v2\/pages\/82\/revisions\/130"}],"wp:featuredmedia":[{"embeddable":true,"href":"https:\/\/instytutsp.org\/index.php\/wp-json\/wp\/v2\/media\/131"}],"wp:attachment":[{"href":"https:\/\/instytutsp.org\/index.php\/wp-json\/wp\/v2\/media?parent=82"}],"curies":[{"name":"wp","href":"https:\/\/api.w.org\/{rel}","templated":true}]}}