{"id":64,"date":"2024-08-31T22:09:24","date_gmt":"2024-08-31T22:09:24","guid":{"rendered":"http:\/\/instytutsp.org\/?page_id=64"},"modified":"2024-09-01T13:15:03","modified_gmt":"2024-09-01T13:15:03","slug":"wydzial-iv-ochrony-dobra-publicznego","status":"publish","type":"page","link":"https:\/\/instytutsp.org\/index.php\/wydzial-iv-ochrony-dobra-publicznego\/","title":{"rendered":"Wydzia\u0142 IV Ochrony Dobra Publicznego"},"content":{"rendered":"\n<p>Wydzia\u0142 IV Ochrony Dobra Publicznego w Instytucie Studi\u00f3w Praktycznych koncentruje si\u0119 na badaniach, analizach oraz opracowywaniu strategii maj\u0105cych na celu ochron\u0119 interesu publicznego w r\u00f3\u017cnych dziedzinach \u017cycia spo\u0142ecznego i gospodarczego. Jego dzia\u0142alno\u015b\u0107 obejmuje szerokie spektrum zagadnie\u0144, od ochrony \u015brodowiska naturalnego, przez bezpiecze\u0144stwo publiczne, po kwestie zwi\u0105zane z r\u00f3wnym dost\u0119pem do d\u00f3br i us\u0142ug. Wydzia\u0142 pe\u0142ni kluczow\u0105 rol\u0119 w tworzeniu rekomendacji politycznych i praktycznych rozwi\u0105za\u0144, kt\u00f3re wspieraj\u0105 rozw\u00f3j spo\u0142eczny w zgodzie z zasadami zr\u00f3wnowa\u017conego rozwoju i sprawiedliwo\u015bci spo\u0142ecznej.<\/p>\n\n\n\n<p>Wydzia\u0142 IV prowadzi tak\u017ce aktywn\u0105 wsp\u00f3\u0142prac\u0119 z instytucjami publicznymi, organizacjami pozarz\u0105dowymi oraz sektorem prywatnym, anga\u017cuj\u0105c si\u0119 w projekty na rzecz ochrony i poprawy jako\u015bci \u017cycia obywateli. Zesp\u00f3\u0142 ekspert\u00f3w z r\u00f3\u017cnych dziedzin pracuje nad identyfikacj\u0105 zagro\u017ce\u0144 oraz opracowaniem metod ich minimalizacji, jednocze\u015bnie dbaj\u0105c o transparentno\u015b\u0107 i efektywno\u015b\u0107 podejmowanych dzia\u0142a\u0144. Wydzia\u0142 d\u0105\u017cy do tego, aby jego prace mia\u0142y realny wp\u0142yw na kszta\u0142towanie polityk publicznych, przyczyniaj\u0105c si\u0119 tym samym do budowy sprawiedliwego i bezpiecznego spo\u0142ecze\u0144stwa.<\/p>\n\n\n\n<p>Kluczowym elementem dzia\u0142alno\u015bci Wydzia\u0142u IV jest tak\u017ce edukacja i popularyzacja wiedzy na temat ochrony dobra publicznego. Poprzez publikacj\u0119 raport\u00f3w i analiz, Wydzia\u0142 stara si\u0119 budowa\u0107 \u015bwiadomo\u015b\u0107 spo\u0142eczn\u0105 na temat znaczenia ochrony wsp\u00f3lnych zasob\u00f3w oraz odpowiedzialno\u015bci, jak\u0105 wszyscy obywatele ponosz\u0105 za ich utrzymanie i rozw\u00f3j.<\/p>\n\n\n\n<h2 class=\"wp-block-heading\">Inicjatywy realizowane w ramach wydzia\u0142u<\/h2>\n\n\n\n<figure class=\"wp-block-gallery has-nested-images columns-default is-cropped wp-block-gallery-1 is-layout-flex wp-block-gallery-is-layout-flex\">\n<figure class=\"wp-block-image size-large\"><a href=\"http:\/\/instytutsp.org\/index.php\/publiczne-bez-tytoniu\/\"><img loading=\"lazy\" decoding=\"async\" width=\"720\" height=\"340\" data-id=\"78\" src=\"http:\/\/instytutsp.org\/wp-content\/uploads\/2024\/08\/publiczne-1.png\" alt=\"\" class=\"wp-image-78\" srcset=\"https:\/\/instytutsp.org\/wp-content\/uploads\/2024\/08\/publiczne-1.png 720w, https:\/\/instytutsp.org\/wp-content\/uploads\/2024\/08\/publiczne-1-300x142.png 300w\" sizes=\"auto, (max-width: 720px) 100vw, 720px\" \/><\/a><\/figure>\n\n\n\n<figure class=\"wp-block-image size-large is-style-default\"><a href=\"http:\/\/instytutsp.org\/index.php\/monitoring-centrow-miast\/\"><img loading=\"lazy\" decoding=\"async\" width=\"720\" height=\"340\" data-id=\"77\" src=\"http:\/\/instytutsp.org\/wp-content\/uploads\/2024\/08\/monitoring-1.png\" alt=\"\" class=\"wp-image-77\" srcset=\"https:\/\/instytutsp.org\/wp-content\/uploads\/2024\/08\/monitoring-1.png 720w, https:\/\/instytutsp.org\/wp-content\/uploads\/2024\/08\/monitoring-1-300x142.png 300w\" sizes=\"auto, (max-width: 720px) 100vw, 720px\" \/><\/a><\/figure>\n<\/figure>\n\n\n\n<figure class=\"wp-block-gallery has-nested-images columns-default is-cropped wp-block-gallery-2 is-layout-flex wp-block-gallery-is-layout-flex\">\n<figure class=\"wp-block-image size-large\"><a href=\"http:\/\/instytutsp.org\/index.php\/badanie-ustawy-o-wychowaniu-w-trzezwosci\/\"><img loading=\"lazy\" decoding=\"async\" width=\"720\" height=\"340\" data-id=\"105\" src=\"http:\/\/instytutsp.org\/wp-content\/uploads\/2024\/09\/badania-ustawy.png\" alt=\"\" class=\"wp-image-105\" srcset=\"https:\/\/instytutsp.org\/wp-content\/uploads\/2024\/09\/badania-ustawy.png 720w, https:\/\/instytutsp.org\/wp-content\/uploads\/2024\/09\/badania-ustawy-300x142.png 300w\" sizes=\"auto, (max-width: 720px) 100vw, 720px\" \/><\/a><\/figure>\n\n\n\n<figure class=\"wp-block-image size-large\"><img loading=\"lazy\" decoding=\"async\" width=\"720\" height=\"340\" data-id=\"108\" src=\"http:\/\/instytutsp.org\/wp-content\/uploads\/2024\/09\/placeholder.png\" alt=\"\" class=\"wp-image-108\" srcset=\"https:\/\/instytutsp.org\/wp-content\/uploads\/2024\/09\/placeholder.png 720w, https:\/\/instytutsp.org\/wp-content\/uploads\/2024\/09\/placeholder-300x142.png 300w\" sizes=\"auto, (max-width: 720px) 100vw, 720px\" \/><\/figure>\n<\/figure>\n\n\n\n<h2 class=\"wp-block-heading\">Dane kontaktowe<\/h2>\n\n\n\n<div class=\"wp-block-group bpfwp-pattern-email\"><div class=\"wp-block-group__inner-container is-layout-flow wp-block-group-is-layout-flow\"><style><\/style><address class=\"bp-contact-card\">\r\n                    \t\t<div class=\"bp-name\">\r\n\t\t\tInstytut Studi\u00f3w Praktycznych\t\t<\/div>\r\n\t\t\r\n\t\t\r\n\t\t\t\t\t\t\t\t\r\n\t\t\r\n\t\t\r\n\t\t\t\t<div class=\"bp-address\">\r\n\t\t\tul. Jana Paw\u0142a II<br \/>\r\n62-300 Wrze\u015bnia<br \/>\r\nNr KRS: 0001124217\t\t<\/div>\r\n\t\t\r\n\t\t\t\t<div class=\"bp-directions\">\r\n\t\t\t<a href=\"\/\/maps.google.com\/maps?saddr=current+location&#038;daddr=ul.+Jana+Paw%C5%82a+II%0D%0A62-300+Wrze%C5%9Bnia%0D%0ANr+KRS%3A+0001124217\" target=\"_blank\">Get Directions<\/a>\r\n\t\t<\/div>\r\n\t\t\r\n\t\t\t\t<div class=\"bp-contact bp-contact-email\">\r\n\t\t\t\t\t<a href=\"mailto:k&#111;n&#116;akt&#064;&#105;n&#115;&#116;yt&#117;t&#115;p&#046;or&#103;\">k&#111;n&#116;akt&#064;&#105;n&#115;&#116;yt&#117;t&#115;p&#046;or&#103;<\/a>\r\n\t\t\t\t<\/div>\r\n\r\n\t\t\t\r\n\t\t\t\r\n\t\t\r\n\t\t<div id=\"bp-map-0\" class=\"bp-map\" data-name=\"Instytut Studi\u00f3w Praktycznych\" data-address=\"ul. Jana Paw\u0142a II\r\n62-300 Wrze\u015bnia\r\nNr KRS: 0001124217\" ><\/div>\r\n\r\n\t\t    <script type=\"application\/ld+json\">\r\n        {\"@type\": \"NGO\",\"image\": \"https:\/\/instytutsp.org\/wp-content\/uploads\/2024\/08\/cropped-instytut-logo.png\",\"name\": \"Instytut Studi\u00f3w Praktycznych\",\"description\": \"\",\"url\": \"https:\/\/instytutsp.org\",\"address\" : {\"@type\": \"PostalAddress\",\"name\": \"ul. Jana Paw\u0142a II\r\n62-300 Wrze\u015bnia\r\nNr KRS: 0001124217\"},\"hasMenu\": \"\",\"email\": \"k&#111;n&#116;akt&#64;&#105;n&#115;&#116;yt&#117;t&#115;p&#46;or&#103;\",\"@context\": \"https:\/\/schema.org\/\"}    <\/script>\r\n<\/address><\/div><\/div>\n\n\n\n<p><\/p>\n","protected":false},"excerpt":{"rendered":"<p>Wydzia\u0142 IV Ochrony Dobra Publicznego w Instytucie Studi\u00f3w Praktycznych koncentruje si\u0119 na badaniach, analizach oraz opracowywaniu strategii maj\u0105cych na celu ochron\u0119 interesu publicznego w r\u00f3\u017cnych dziedzinach \u017cycia spo\u0142ecznego i gospodarczego. Jego dzia\u0142alno\u015b\u0107 obejmuje szerokie spektrum zagadnie\u0144, od ochrony \u015brodowiska naturalnego, przez bezpiecze\u0144stwo publiczne, po kwestie zwi\u0105zane z r\u00f3wnym dost\u0119pem do d\u00f3br i us\u0142ug. Wydzia\u0142 pe\u0142ni&#8230;<\/p>\n","protected":false},"author":2,"featured_media":155,"parent":0,"menu_order":0,"comment_status":"closed","ping_status":"closed","template":"","meta":{"footnotes":""},"class_list":["post-64","page","type-page","status-publish","has-post-thumbnail","hentry"],"_links":{"self":[{"href":"https:\/\/instytutsp.org\/index.php\/wp-json\/wp\/v2\/pages\/64","targetHints":{"allow":["GET"]}}],"collection":[{"href":"https:\/\/instytutsp.org\/index.php\/wp-json\/wp\/v2\/pages"}],"about":[{"href":"https:\/\/instytutsp.org\/index.php\/wp-json\/wp\/v2\/types\/page"}],"author":[{"embeddable":true,"href":"https:\/\/instytutsp.org\/index.php\/wp-json\/wp\/v2\/users\/2"}],"replies":[{"embeddable":true,"href":"https:\/\/instytutsp.org\/index.php\/wp-json\/wp\/v2\/comments?post=64"}],"version-history":[{"count":9,"href":"https:\/\/instytutsp.org\/index.php\/wp-json\/wp\/v2\/pages\/64\/revisions"}],"predecessor-version":[{"id":122,"href":"https:\/\/instytutsp.org\/index.php\/wp-json\/wp\/v2\/pages\/64\/revisions\/122"}],"wp:featuredmedia":[{"embeddable":true,"href":"https:\/\/instytutsp.org\/index.php\/wp-json\/wp\/v2\/media\/155"}],"wp:attachment":[{"href":"https:\/\/instytutsp.org\/index.php\/wp-json\/wp\/v2\/media?parent=64"}],"curies":[{"name":"wp","href":"https:\/\/api.w.org\/{rel}","templated":true}]}}