{"id":60,"date":"2024-08-31T22:02:35","date_gmt":"2024-08-31T22:02:35","guid":{"rendered":"http:\/\/instytutsp.org\/?page_id=60"},"modified":"2024-09-01T13:14:35","modified_gmt":"2024-09-01T13:14:35","slug":"wydzial-iii-analiz-ekonomicznych","status":"publish","type":"page","link":"https:\/\/instytutsp.org\/index.php\/wydzial-iii-analiz-ekonomicznych\/","title":{"rendered":"Wydzia\u0142 III Analiz Ekonomicznych"},"content":{"rendered":"\n<p>Wydzia\u0142 III Analiz Ekonomicznych dzia\u0142aj\u0105cy w ramach Instytutu Studi\u00f3w Praktycznych specjalizuje si\u0119 w badaniach i analizach z zakresu ekonomii. Jego g\u0142\u00f3wnym zadaniem jest prowadzenie zaawansowanych bada\u0144 nad zjawiskami ekonomicznymi oraz opracowywanie raport\u00f3w i ekspertyz wspieraj\u0105cych procesy decyzyjne w r\u00f3\u017cnych sektorach gospodarki. Wydzia\u0142 wsp\u00f3\u0142pracuje z instytucjami publicznymi oraz prywatnymi, dostarczaj\u0105c rzetelnych i aktualnych informacji potrzebnych do podejmowania strategicznych decyzji. <\/p>\n\n\n\n<p>Zesp\u00f3\u0142 ekspert\u00f3w \u0142\u0105czy wiedz\u0119 teoretyczn\u0105 z praktycznymi umiej\u0119tno\u015bciami, co umo\u017cliwia tworzenie kompleksowych i praktycznych rozwi\u0105za\u0144 ekonomicznych.<\/p>\n\n\n\n<h2 class=\"wp-block-heading\">Inicjatywy realizowane w ramach wydzia\u0142u<\/h2>\n\n\n\n<figure class=\"wp-block-gallery has-nested-images columns-default is-cropped wp-block-gallery-1 is-layout-flex wp-block-gallery-is-layout-flex\">\n<figure class=\"wp-block-image size-large\"><a href=\"http:\/\/instytutsp.org\/index.php\/badanie-ustawy-o-wychowaniu-w-trzezwosci\/\"><img loading=\"lazy\" decoding=\"async\" width=\"720\" height=\"340\" data-id=\"105\" src=\"http:\/\/instytutsp.org\/wp-content\/uploads\/2024\/09\/badania-ustawy.png\" alt=\"\" class=\"wp-image-105\" srcset=\"https:\/\/instytutsp.org\/wp-content\/uploads\/2024\/09\/badania-ustawy.png 720w, https:\/\/instytutsp.org\/wp-content\/uploads\/2024\/09\/badania-ustawy-300x142.png 300w\" sizes=\"auto, (max-width: 720px) 100vw, 720px\" \/><\/a><\/figure>\n\n\n\n<figure class=\"wp-block-image size-large\"><img loading=\"lazy\" decoding=\"async\" width=\"720\" height=\"340\" data-id=\"108\" src=\"http:\/\/instytutsp.org\/wp-content\/uploads\/2024\/09\/placeholder.png\" alt=\"\" class=\"wp-image-108\" srcset=\"https:\/\/instytutsp.org\/wp-content\/uploads\/2024\/09\/placeholder.png 720w, https:\/\/instytutsp.org\/wp-content\/uploads\/2024\/09\/placeholder-300x142.png 300w\" sizes=\"auto, (max-width: 720px) 100vw, 720px\" \/><\/figure>\n<\/figure>\n\n\n\n<h2 class=\"wp-block-heading\">Dane kontaktowe<\/h2>\n\n\n\n<div class=\"wp-block-group bpfwp-pattern-email\"><div class=\"wp-block-group__inner-container is-layout-flow wp-block-group-is-layout-flow\"><style><\/style><address class=\"bp-contact-card\">\r\n                    \t\t<div class=\"bp-name\">\r\n\t\t\tInstytut Studi\u00f3w Praktycznych\t\t<\/div>\r\n\t\t\r\n\t\t\r\n\t\t\t\t\t\t\t\t\r\n\t\t\r\n\t\t\r\n\t\t\t\t<div class=\"bp-address\">\r\n\t\t\tul. Jana Paw\u0142a II<br \/>\r\n62-300 Wrze\u015bnia<br \/>\r\nNr KRS: 0001124217\t\t<\/div>\r\n\t\t\r\n\t\t\t\t<div class=\"bp-directions\">\r\n\t\t\t<a href=\"\/\/maps.google.com\/maps?saddr=current+location&#038;daddr=ul.+Jana+Paw%C5%82a+II%0D%0A62-300+Wrze%C5%9Bnia%0D%0ANr+KRS%3A+0001124217\" target=\"_blank\">Get Directions<\/a>\r\n\t\t<\/div>\r\n\t\t\r\n\t\t\t\t<div class=\"bp-contact bp-contact-email\">\r\n\t\t\t\t\t<a href=\"mailto:ko&#110;t&#097;kt&#064;in&#115;t&#121;&#116;&#117;t&#115;&#112;.o&#114;g\">ko&#110;t&#097;kt&#064;in&#115;t&#121;&#116;&#117;t&#115;&#112;.o&#114;g<\/a>\r\n\t\t\t\t<\/div>\r\n\r\n\t\t\t\r\n\t\t\t\r\n\t\t\r\n\t\t<div id=\"bp-map-0\" class=\"bp-map\" data-name=\"Instytut Studi\u00f3w Praktycznych\" data-address=\"ul. Jana Paw\u0142a II\r\n62-300 Wrze\u015bnia\r\nNr KRS: 0001124217\" ><\/div>\r\n\r\n\t\t    <script type=\"application\/ld+json\">\r\n        {\"@type\": \"NGO\",\"image\": \"https:\/\/instytutsp.org\/wp-content\/uploads\/2024\/08\/cropped-instytut-logo.png\",\"name\": \"Instytut Studi\u00f3w Praktycznych\",\"description\": \"\",\"url\": \"https:\/\/instytutsp.org\",\"address\" : {\"@type\": \"PostalAddress\",\"name\": \"ul. Jana Paw\u0142a II\r\n62-300 Wrze\u015bnia\r\nNr KRS: 0001124217\"},\"hasMenu\": \"\",\"email\": \"ko&#110;t&#97;kt&#64;in&#115;t&#121;&#116;&#117;t&#115;&#112;.o&#114;g\",\"@context\": \"https:\/\/schema.org\/\"}    <\/script>\r\n<\/address><\/div><\/div>\n\n\n\n<p><\/p>\n","protected":false},"excerpt":{"rendered":"<p>Wydzia\u0142 III Analiz Ekonomicznych dzia\u0142aj\u0105cy w ramach Instytutu Studi\u00f3w Praktycznych specjalizuje si\u0119 w badaniach i analizach z zakresu ekonomii. Jego g\u0142\u00f3wnym zadaniem jest prowadzenie zaawansowanych bada\u0144 nad zjawiskami ekonomicznymi oraz opracowywanie raport\u00f3w i ekspertyz wspieraj\u0105cych procesy decyzyjne w r\u00f3\u017cnych sektorach gospodarki. Wydzia\u0142 wsp\u00f3\u0142pracuje z instytucjami publicznymi oraz prywatnymi, dostarczaj\u0105c rzetelnych i aktualnych informacji potrzebnych do&#8230;<\/p>\n","protected":false},"author":2,"featured_media":155,"parent":0,"menu_order":0,"comment_status":"closed","ping_status":"closed","template":"","meta":{"footnotes":""},"class_list":["post-60","page","type-page","status-publish","has-post-thumbnail","hentry"],"_links":{"self":[{"href":"https:\/\/instytutsp.org\/index.php\/wp-json\/wp\/v2\/pages\/60","targetHints":{"allow":["GET"]}}],"collection":[{"href":"https:\/\/instytutsp.org\/index.php\/wp-json\/wp\/v2\/pages"}],"about":[{"href":"https:\/\/instytutsp.org\/index.php\/wp-json\/wp\/v2\/types\/page"}],"author":[{"embeddable":true,"href":"https:\/\/instytutsp.org\/index.php\/wp-json\/wp\/v2\/users\/2"}],"replies":[{"embeddable":true,"href":"https:\/\/instytutsp.org\/index.php\/wp-json\/wp\/v2\/comments?post=60"}],"version-history":[{"count":5,"href":"https:\/\/instytutsp.org\/index.php\/wp-json\/wp\/v2\/pages\/60\/revisions"}],"predecessor-version":[{"id":121,"href":"https:\/\/instytutsp.org\/index.php\/wp-json\/wp\/v2\/pages\/60\/revisions\/121"}],"wp:featuredmedia":[{"embeddable":true,"href":"https:\/\/instytutsp.org\/index.php\/wp-json\/wp\/v2\/media\/155"}],"wp:attachment":[{"href":"https:\/\/instytutsp.org\/index.php\/wp-json\/wp\/v2\/media?parent=60"}],"curies":[{"name":"wp","href":"https:\/\/api.w.org\/{rel}","templated":true}]}}